{"id":47,"date":"2017-06-12T14:10:34","date_gmt":"2017-06-12T12:10:34","guid":{"rendered":"http:\/\/kanzlei-traut.de?page_id=47"},"modified":"2025-12-02T14:48:16","modified_gmt":"2025-12-02T13:48:16","slug":"publications","status":"publish","type":"page","link":"https:\/\/kanzlei-traut.com\/en\/publications\/","title":{"rendered":"Publications"},"content":{"rendered":"<div class=\"wpb-content-wrapper\"><p>[vc_row full_width=&#8221;stretch_row_content_no_spaces&#8221; awb_type=&#8221;image&#8221; awb_image_background_position=&#8221;50% 40%&#8221; el_class=&#8221;header-image-box&#8221; awb_image=&#8221;1267&#8243;][vc_column][\/vc_column][\/vc_row][vc_row type=&#8221;boxed&#8221;][vc_column width=&#8221;1\/3&#8243;][vc_column_text]<\/p>\n<h1 style=\"color: #cfb441;\">Publications<\/h1>\n<p>[\/vc_column_text][\/vc_column][vc_column width=&#8221;2\/3&#8243; el_class=&#8221;column-border-gold&#8221;][vc_column_text css=&#8221;&#8221; el_class=&#8221;lawyer-description&#8221;]<strong><em>Alicia Althaus; Dr. Justin Samek<\/em><\/strong><br \/>\nVertrauen statt Rechtsstaat: Die ANOM-Entscheidungen<br \/>\ndes BVerfG und BGH im Lichte neuer Erkenntnisse<em><br \/>\nAlthaus\/Samek<\/em> KriPoZ 2025, 396 ff.<\/p>\n<p><a href=\"https:\/\/kripoz.de\/2025\/12\/01\/vertrauen-statt-rechtsstaat-die-atom-entscheidungen-des-bverfg-und-bgh-im-lichte-neuer-erkenntnisse\/\">Link<\/a><\/p>\n<hr \/>\n<p><strong><em>Alicia Althaus; Sina Aaron Moslehi<\/em><\/strong><br \/>\nProtokollverz\u00f6gerung als haftverl\u00e4ngernder Faktor<br \/>\nAnmerkung zu OLG D\u00fcsseldorf, Beschl. v. 5.6.2025 &#8211; III-WS 156\/25<em><br \/>\nAlthaus\/Moslehi<\/em> KriPoZ 2025, 323 ff.<\/p>\n<p><a href=\"https:\/\/kripoz.de\/wp-content\/uploads\/2025\/09\/althaus-moslehi-protokollverzoegerung-als-haftverlaengernder-faktor.pdf\">Link<\/a><\/p>\n<hr \/>\n<p><strong><em>Dr. Sven Henseler; Dr. Christoph Nickolaus<\/em><\/strong><br \/>\nLehrbuch Steuerstrafrecht<br \/>\nC. F. M\u00fcller Verlag 2025; Aus der Reihe: Start ins Rechtsgebiet<\/p>\n<p><a href=\"https:\/\/www.otto-schmidt.de\/steuerstrafrecht-9783811466869\">Link<\/a><\/p>\n<hr \/>\n<p><strong><em>Alicia Althaus<br \/>\n<\/em><\/strong>The Criminal Classification of Cash Exports to Russia in Light of the EU Sanctions Regulation and Recent Case Law<br \/>\nin: <em>Althaus<\/em> CEJ 2025, Volume 11, Number 01, p. 28-34<\/p>\n<p><a href=\"https:\/\/cej-online.com\/2025-vol-11-no-01-2025-transnational-compliance-and-legal-responsibility\/\">Link<\/a><\/p>\n<hr \/>\n<p><strong><em>Alicia Althaus<br \/>\n<\/em><\/strong>Vertrauen statt Kontrolle? &#8211; Anmerkung zum &#8220;AnomChat&#8221;-Beschluss des BGH (BGH HRRS 2025 Nr. 235)<br \/>\nin: <em>Althaus<\/em> HRRS 2025, 87<\/p>\n<p><a href=\"https:\/\/www.hrr-strafrecht.de\/hrr\/archiv\/25-04\/index.php?sz=6\">Link<\/a><\/p>\n<hr \/>\n<p><strong><em>Alicia Althaus; Marcus Traut<\/em><\/strong><br \/>\nVorgeblicher B\u00fcrokratieabbau zu Lasten von<br \/>\nBeschuldigtenrechten?<br \/>\nin: <em>Althaus\/Traut<\/em> DStR 2025, 814<\/p>\n<p><a href=\"https:\/\/kanzlei-traut.com\/wp-content\/uploads\/2025\/04\/Vorgeblicher-Buerokratieabbau-zu-Lasten-von-Beschuldigtenrechten-beck-online.pdf\">Download<\/a><\/p>\n<hr \/>\n<p><strong><em>Marcus Traut<\/em><\/strong><br \/>\nUnerm\u00fcdlicher Kampf f\u00fcr Beschuldigtenrechte &#8211; Weiter so &#8211;<br \/>\nin: <em>Schoop\/Waider<\/em> Strafverteidigung im Wandel der Zeit<br \/>\n50 Jahre Deutsche Strafverteidiger e.V.<\/p>\n<p><a href=\"https:\/\/kanzlei-traut.com\/wp-content\/uploads\/2025\/01\/Traut_UnermuedlicherKampffuerBeschuldigtenrechte.pdf\">Link<\/a><\/p>\n<hr \/>\n<p><strong><em>Alicia Althaus; Justin Samek<\/em><\/strong><br \/>\nDie Verwertbarkeit von AnomChat-Daten im Strafprozess<br \/>\n<em>Althaus\/Samek KriPoZ<\/em> 4\/2024, 298 f.<\/p>\n<p><a href=\"https:\/\/kripoz.de\/wp-content\/uploads\/2024\/07\/althaus-samek-verwertbarkeit-von-anomchat-daten-im-strafprozess.pdf\">Link<\/a><\/p>\n<hr \/>\n<p><strong><em>Giannina Andreoli; Luisa Wermter; Alicia Althaus<\/em><\/strong><br \/>\nR\u00fcckmeldung an hinweisgebende Personen gem. \u00a7 17 HinSchG &#8211; umfassende Information vs. gebotene Zur\u00fcckhaltung<br \/>\n<em>Andreoli\/Wermter\/Althaus<\/em> KH-J 2024, 17 f.<\/p>\n<p><a href=\"https:\/\/shop.kohlhammer.de\/ruckmeldung-an-hinweisgebende-personen-gem-17-hinschg-umfassende-information-vs-gebotene-zuruckhaltung-978-3-00-570312-1.html\">Link<\/a><\/p>\n<hr \/>\n<p><strong><em>Alicia Althaus; Marcus Traut<\/em><\/strong><br \/>\nRechtsstaatswidrige Einleitung von strafrechtlichen Ermittlungsverfahren: Verwertungsverbote und Verfahrenshindernisse<br \/>\n<em>Althaus\/Traut<\/em> StV-S 2024, 46 ff.<\/p>\n<p><a href=\"https:\/\/kanzlei-traut.com\/wp-content\/uploads\/2024\/03\/StV-Spezial-2024-46.pdf\">Download<\/a><\/p>\n<hr \/>\n<p><strong><em>Prof. Dr. Hendrik Schneider; Luisa Wermter; Alicia Althaus<\/em><\/strong><br \/>\nHinweisgebersysteme im Krankenhaus &#8211; L\u00f6sungen f\u00fcr die Unternehmensgruppe<br \/>\n<em>Schneider\/Wermter\/Althaus<\/em> KH-J 2023, 111 f.<\/p>\n<p><a href=\"https:\/\/shop.kohlhammer.de\/hinweisgebersysteme-im-krankenhaus-losungen-fur-die-unternehmensgruppe-978-3-00-570305-3.html\">Link<\/a><\/p>\n<hr \/>\n<p><strong><em>Dr. Christoph Nickolaus<\/em><\/strong><br \/>\nDokumentation der Hauptverhandlung aus Strafverteidigerperspektive<br \/>\n<em>Nickolaus<\/em> ZRP 2023, 49 ff.<\/p>\n<p><a href=\"https:\/\/beck-online.beck.de\/Dokument?vpath=bibdata%2Fzeits%2Fzrp%2F2023%2Fcont%2Fzrp.2023.49.1.htm&amp;anchor=Y-300-Z-ZRP-B-2023-S-49-N-1\">Link<\/a><\/p>\n<hr \/>\n<p><strong><em>Nickolaus<\/em><\/strong>, Die Abwertung zwingender Vorschriften zu blo\u00dfen Ordnungsvorschriften \u2013 Eine rechtshistorische Analyse am Beispiel von \u00a7 258 Abs. 1 StPO ,<br \/>\npublished in: NK 2022, 476 ff.<\/p>\n<p><a href=\"https:\/\/www.nomos-elibrary.de\/10.5771\/0934-9200-2022-4\/nk-neue-kriminalpolitik-jahrgang-34-2022-heft-4?page=1\">Link<\/a><\/p>\n<hr \/>\n<p><strong><em>Traut\/Nickolaus<\/em><\/strong>, Audiovisuelle Dokumentation der Hauptverhandlung &#8211; Die Zeit ist reif,<br \/>\npublished in: StraFo 2022, 55 ff.<\/p>\n<p><a href=\"https:\/\/kanzlei-traut.com\/wp-content\/uploads\/2022\/02\/TrautNickolaus-StraFo-2022-55.pdf\">Download<\/a><\/p>\n<hr \/>\n<p><strong><em>Traut\/Cunningham<\/em><\/strong>, Akteneinsichtsrecht des Verteidigers mit Kanzleisitz im Ausland &#8211; Theorie und Praxis 2.0,<br \/>\npublished in: StraFo 2021, 447 ff.<\/p>\n<p><a href=\"https:\/\/kanzlei-traut.com\/wp-content\/uploads\/2021\/11\/TrautCunningham-StraFo-2021-447-ff.pdf\">Download<\/a><\/p>\n<hr \/>\n<p><strong><em>Imhoff\/Nickolaus<\/em><\/strong>, Combined Anchoring: Prosecution and defense sentencing recommendations as sequential anchors in the courtroom,<br \/>\npublished in: Legal and Criminological Psychology 2021, 215 ff.<\/p>\n<p><a href=\"https:\/\/bpspsychub.onlinelibrary.wiley.com\/doi\/epdf\/10.1111\/lcrp.12192\">Link<\/a><\/p>\n<hr \/>\n<p><strong><em>Traut<\/em><\/strong>, Das neue Recht der Verm\u00f6gensabsch\u00f6pfung \u2013 Bilanz eines Strafverteidigers (Teil der Reihe \u201eNeuregelung der \u00a7\u00a7 73 ff. StGB\u201c),<br \/>\npublished in: Neue Kriminalpolitik 2020, 134 ff.<\/p>\n<p><a href=\"https:\/\/kanzlei-traut.com\/wp-content\/uploads\/2020\/06\/Traut-Neue-Kriminalpolitik-2020-134.pdf\">Download<\/a><\/p>\n<hr \/>\n<p><strong><em>Traut\/Nickolaus<\/em><\/strong>, Forderung der Einf\u00fchrung einer audiovisuellen Dokumentation der Hauptverhandlung,<br \/>\npublished in: StraFo 2020, 100 ff.<\/p>\n<p><a href=\"https:\/\/kanzlei-traut.com\/wp-content\/uploads\/2020\/03\/TrautNickolaus-StraFo-2020-100.pdf\">Download<\/a><\/p>\n<hr \/>\n<p><strong><em>Traut<\/em><\/strong>, Otte \u2013 Sch\u00e4tzungen im Rahmen der Schuldfeststellung (Review),<br \/>\npublished in: WiJ 2020, 50 ff.<\/p>\n<p><a href=\"https:\/\/wi-j.com\/2020\/03\/05\/otte-schaetzungen-im-rahmen-der-schuldfeststellung\/\">Link<\/a><\/p>\n<hr \/>\n<p><strong><em>Traut\/Nickolaus<\/em><\/strong>, Der anwaltliche Zeugenbeistand im Strafprozess \u2013 Gebotene Kosten\u00fcbernahme durch den Arbeitgeber,<br \/>\npublished in: StraFo 2019, 230 ff.<\/p>\n<p><a href=\"\/wp-content\/uploads\/2019\/06\/Traut_Nickolaus-StraFo-2019-230.pdf\" target=\"_blank\" rel=\"noopener noreferrer\">Download<\/a><\/p>\n<hr \/>\n<p><strong><em>Nickolaus<\/em><\/strong>, Ankereffekte im Strafprozess \u2013 Versto\u00df gegen das Prinzip des fairen Verfahrens?,<br \/>\npublished in: Nomos Verlag 2018; The work is part of the series: Schriften zur Rechtspsychologie, Band 2.<\/p>\n<p>Review:<br \/>\n<em>Priewer<\/em> StV 2019, 862 ff.<\/p>\n<p><a href=\"https:\/\/www.nomos-elibrary.de\/10.5771\/9783845294421\/ankereffekte-im-strafprozess\" target=\"_blank\" rel=\"noopener noreferrer\">More information<\/a><\/p>\n<hr \/>\n<p><strong><em>Nickolaus<\/em><\/strong>, Ankereffekte im Strafprozess \u2013 Versto\u00df gegen das Prinzip des fairen Verfahrens? Eine rechtswissenschaftliche Perspektive<br \/>\npublished in: Volkskunde Rheinland-Pfalz 33\/2, 2018, 53 ff.<\/p>\n<hr \/>\n<p><strong><em>Brettel\/Schneider<\/em><\/strong>, Wirtschaftsstrafrecht, 2nd edition,<br \/>\npublished in: Nomos Verlag 2018; The work is part of the series: NomosLehrbuch<br \/>\n<em>Dr. Nickolaus was involved in the revision of the work as part of his scientific work at the Brettel chair.<\/em><\/p>\n<p><a href=\"https:\/\/www.nomos-elibrary.de\/10.5771\/9783845273273-1\/titelei-inhaltsverzeichnis?page=1\" target=\"_blank\" rel=\"noopener noreferrer\">More informationen<\/a><\/p>\n<hr \/>\n<p><strong><em>Traut<\/em><\/strong>, Five Supporting Pillars of Compliance,<br \/>\npublished in: CEJ 2017, Vol. 3, No. 1, 8 ff.<\/p>\n<hr \/>\n<p><strong><em>Traut\/Cunningham<\/em><\/strong>, Akteneinsichtsrecht des Verteidigers mit Kanzleisitz im Ausland \u2013 Theorie und Praxis,<br \/>\npublished in: StraFo 2017, 222 ff.<\/p>\n<p><a href=\"https:\/\/kanzlei-traut.com\/wp-content\/uploads\/2021\/06\/TrautCunningham-StraFo-2017-222-ff.pdf\">Download<\/a><\/p>\n<hr \/>\n<p><strong><em>Traut\/Nickolaus<\/em><\/strong>, Der Ankereffekt: Schattendasein im Strafprozess,<br \/>\npublished in: StraFo 2015, 485 ff.<\/p>\n<p><a href=\"https:\/\/kanzlei-traut.com\/wp-content\/uploads\/2021\/06\/TrautNickolaus-StraFo-2015-485-ff.pdf\">Download<\/a><\/p>\n<hr \/>\n<p><strong><em>Traut\/Bristric<\/em><\/strong>, Strafrechtliche Risiken bei der Durchf\u00fchrung von Anwendungsbeobachtungen,<br \/>\npublished in: ZMGR 2013, 87 ff.<\/p>\n<p><a href=\"https:\/\/kanzlei-traut.com\/wp-content\/uploads\/2021\/06\/TrautBristric-ZMGR-2013-87-ff.pdf\">Download<\/a><\/p>\n<hr \/>\n<p><strong><em>Traut\/Nickolaus<\/em><\/strong>, Ist es (wieder) Zeit f\u00fcr eine Trennung zwischen Er\u00f6ffnungs- und Tatsachenrichter?,<br \/>\npublished in: StraFo 2012, 51 ff.<\/p>\n<p><a href=\"https:\/\/kanzlei-traut.com\/wp-content\/uploads\/2021\/06\/TrautNickolaus-StraFo-2012-51-ff.pdf\">Download<\/a><\/p>\n<hr \/>\n<p><strong><em>Traut<\/em><\/strong>, Verbot von Wiederholungsfragen contra Wahrheitsfindung?,<br \/>\npublished in: StraFo 2003, 38 ff.<\/p>\n<p><a href=\"https:\/\/kanzlei-traut.com\/wp-content\/uploads\/2021\/06\/Traut-StraFo-2003-38-ff.pdf\">Download<\/a><\/p>\n<hr \/>\n<p><strong><em>Traut<\/em><\/strong> , Fehlerquellen bei Schadenshochrechnungen in Abrechnungsbetrugsverfahren gegen \u00c4rzte,<br \/>\npublished in: Der Arzt und sein Recht* 2002, 164 ff.<br \/>\n<span class=\"add-info\">* since 1.1.2007 \u201eArzt Zahnarzt Recht [AZR]&#8221;<\/span><\/p>\n<p><a href=\"https:\/\/kanzlei-traut.com\/wp-content\/uploads\/2021\/06\/Traut-Der-Arzt-und-sein-Recht-2002-164-ff.pdf\">Download<\/a>[\/vc_column_text][\/vc_column][\/vc_row]<\/p>\n<\/div>","protected":false},"excerpt":{"rendered":"<p>[vc_row full_width=&#8221;stretch_row_content_no_spaces&#8221; awb_type=&#8221;image&#8221; awb_image_background_position=&#8221;50% 40%&#8221; el_class=&#8221;header-image-box&#8221; awb_image=&#8221;1267&#8243;][vc_column][\/vc_column][\/vc_row][vc_row type=&#8221;boxed&#8221;][vc_column width=&#8221;1\/3&#8243;][vc_column_text] Publications [\/vc_column_text][\/vc_column][vc_column width=&#8221;2\/3&#8243; el_class=&#8221;column-border-gold&#8221;][vc_column_text css=&#8221;&#8221; el_class=&#8221;lawyer-description&#8221;]Alicia Althaus; Dr. Justin Samek Vertrauen statt Rechtsstaat: Die ANOM-Entscheidungen des BVerfG und BGH im Lichte neuer Erkenntnisse Althaus\/Samek KriPoZ 2025, 396 ff. Link Alicia Althaus; Sina Aaron Moslehi Protokollverz\u00f6gerung als haftverl\u00e4ngernder Faktor Anmerkung zu OLG D\u00fcsseldorf, Beschl. v. 5.6.2025 &#8211; [&hellip;]<\/p>\n","protected":false},"author":2,"featured_media":0,"parent":0,"menu_order":5,"comment_status":"closed","ping_status":"closed","template":"","meta":{"inline_featured_image":false,"footnotes":""},"class_list":["post-47","page","type-page","status-publish","hentry"],"_links":{"self":[{"href":"https:\/\/kanzlei-traut.com\/en\/wp-json\/wp\/v2\/pages\/47","targetHints":{"allow":["GET"]}}],"collection":[{"href":"https:\/\/kanzlei-traut.com\/en\/wp-json\/wp\/v2\/pages"}],"about":[{"href":"https:\/\/kanzlei-traut.com\/en\/wp-json\/wp\/v2\/types\/page"}],"author":[{"embeddable":true,"href":"https:\/\/kanzlei-traut.com\/en\/wp-json\/wp\/v2\/users\/2"}],"replies":[{"embeddable":true,"href":"https:\/\/kanzlei-traut.com\/en\/wp-json\/wp\/v2\/comments?post=47"}],"version-history":[{"count":0,"href":"https:\/\/kanzlei-traut.com\/en\/wp-json\/wp\/v2\/pages\/47\/revisions"}],"wp:attachment":[{"href":"https:\/\/kanzlei-traut.com\/en\/wp-json\/wp\/v2\/media?parent=47"}],"curies":[{"name":"wp","href":"https:\/\/api.w.org\/{rel}","templated":true}]}}